{"id":28,"date":"2024-03-17T08:19:03","date_gmt":"2024-03-17T08:19:03","guid":{"rendered":"https:\/\/uzmanhaliyikama.com\/?page_id=28"},"modified":"2024-03-17T10:48:21","modified_gmt":"2024-03-17T10:48:21","slug":"uzmanhaliyikamakonya","status":"publish","type":"page","link":"https:\/\/uzmanhaliyikama.com\/index.php\/uzmanhaliyikamakonya\/","title":{"rendered":"Hakk\u0131m\u0131zda"},"content":{"rendered":"<p>UZMAN HALI YIKAMA<br \/>KONYA UZMAN HALI YIKAMA firmam\u0131z Konya merkez Sel\u00e7uklu Meram Karatay il\u00e7elerinde hal\u0131 y\u0131kaman\u0131n her alan\u0131nda sizlere kaliteli hizmeti uygun fiyatlarla vermeyi ama\u00e7lar.<\/p>\n<p><br \/>Hal\u0131 y\u0131kama, koltuk y\u0131kama, stor y\u0131kama, zebra y\u0131kama, yorgan y\u0131kama, battaniye y\u0131kama, yatak y\u0131kama, yerinde hal\u0131 y\u0131kama hizmetleri sunmaktay\u0131z. \u00d6ncelikle m\u00fc\u015fterileri sa\u011fl\u0131\u011f\u0131 ve memnuniyetini \u00f6n planda tutarak hizmet veriyoruz.<\/p>\n<p>Son sistem otomatik hal\u0131 y\u0131kama makinalar\u0131 ve en iyi organik leke s\u00f6k\u00fcc\u00fc ve hal\u0131 \u015fampuanlar\u0131m\u0131z ile hal\u0131lar\u0131n\u0131za zarar vermeyerek \u00f6mr\u00fcn\u00fc uzat\u0131yoruz. M\u00fc\u015fterileri sa\u011fl\u0131\u011f\u0131 ve memnuniyeti i\u00e7in hep en iyisi olmaya devam edece\u011fiz. Firmam\u0131zda bant sistemi ile hal\u0131lar tek tek bol su ile \u00f6nl\u00fc arkal\u0131 y\u0131kanmaktad\u0131r. Havuz sistemi olmadan ba\u015fka hal\u0131lar\u0131n kiri tozuyla kar\u0131\u015fmadan \u00f6zenle hal\u0131 cinsine g\u00f6re hijyenik bir \u015fekilde y\u0131kama yap\u0131yoruz.<\/p>\n<p><br \/>Merkezi konumumuz ile t\u00fcm mahallelere k\u0131sa s\u00fcrede ula\u015fabiliyoruz. 2000 M2 kurutma alan\u0131m\u0131z da hal\u0131lar tam olarak kuruyup 3 i\u015f g\u00fcn\u00fc i\u00e7inde sizlere teslim edilmektedir.<\/p>\n\n\n<figure class=\"wp-block-gallery has-nested-images columns-default is-cropped wp-block-gallery-1 is-layout-flex wp-block-gallery-is-layout-flex\"><\/figure>\n\n\n\n<p><\/p>\n","protected":false},"excerpt":{"rendered":"<p>UZMAN HALI YIKAMAKONYA UZMAN HALI YIKAMA firmam\u0131z Konya merkez Sel\u00e7uklu Meram Karatay il\u00e7elerinde hal\u0131 y\u0131kaman\u0131n her alan\u0131nda sizlere kaliteli hizmeti uygun fiyatlarla vermeyi ama\u00e7lar. Hal\u0131 y\u0131kama, koltuk y\u0131kama, stor y\u0131kama, zebra y\u0131kama, yorgan y\u0131kama, battaniye y\u0131kama, yatak y\u0131kama, yerinde hal\u0131 y\u0131kama hizmetleri sunmaktay\u0131z. \u00d6ncelikle m\u00fc\u015fterileri sa\u011fl\u0131\u011f\u0131 ve memnuniyetini \u00f6n planda tutarak hizmet veriyoruz. Son sistem [&hellip;]<\/p>\n","protected":false},"author":1,"featured_media":0,"parent":0,"menu_order":0,"comment_status":"closed","ping_status":"closed","template":"","meta":{"footnotes":""},"class_list":["post-28","page","type-page","status-publish","hentry"],"_links":{"self":[{"href":"https:\/\/uzmanhaliyikama.com\/index.php\/wp-json\/wp\/v2\/pages\/28","targetHints":{"allow":["GET"]}}],"collection":[{"href":"https:\/\/uzmanhaliyikama.com\/index.php\/wp-json\/wp\/v2\/pages"}],"about":[{"href":"https:\/\/uzmanhaliyikama.com\/index.php\/wp-json\/wp\/v2\/types\/page"}],"author":[{"embeddable":true,"href":"https:\/\/uzmanhaliyikama.com\/index.php\/wp-json\/wp\/v2\/users\/1"}],"replies":[{"embeddable":true,"href":"https:\/\/uzmanhaliyikama.com\/index.php\/wp-json\/wp\/v2\/comments?post=28"}],"version-history":[{"count":3,"href":"https:\/\/uzmanhaliyikama.com\/index.php\/wp-json\/wp\/v2\/pages\/28\/revisions"}],"predecessor-version":[{"id":40,"href":"https:\/\/uzmanhaliyikama.com\/index.php\/wp-json\/wp\/v2\/pages\/28\/revisions\/40"}],"wp:attachment":[{"href":"https:\/\/uzmanhaliyikama.com\/index.php\/wp-json\/wp\/v2\/media?parent=28"}],"curies":[{"name":"wp","href":"https:\/\/api.w.org\/{rel}","templated":true}]}}